{"id":453,"date":"2024-07-26T21:52:22","date_gmt":"2024-07-26T14:52:22","guid":{"rendered":"https:\/\/viehealthcare.vn\/?page_id=453"},"modified":"2024-07-26T22:14:26","modified_gmt":"2024-07-26T15:14:26","slug":"cac-cau-hoi-thuong-gap","status":"publish","type":"page","link":"https:\/\/viehealthcare.com.vn\/en\/cac-cau-hoi-thuong-gap\/","title":{"rendered":"C\u00e1c c\u00e2u h\u1ecfi th\u01b0\u1eddng g\u1eb7p"},"content":{"rendered":"<div data-elementor-type=\"wp-page\" data-elementor-id=\"453\" class=\"elementor elementor-453\" data-elementor-post-type=\"page\">\n\t\t\t\t<div class=\"elementor-element elementor-element-8f754eb e-flex e-con-boxed e-con e-parent\" data-id=\"8f754eb\" data-element_type=\"container\" data-e-type=\"container\">\n\t\t\t\t\t<div class=\"e-con-inner\">\n\t\t\t\t<div class=\"elementor-element elementor-element-98f60a2 elementor-widget elementor-widget-heading\" data-id=\"98f60a2\" data-element_type=\"widget\" data-e-type=\"widget\" data-widget_type=\"heading.default\">\n\t\t\t\t<div class=\"elementor-widget-container\">\n\t\t\t\t\t<h2 class=\"elementor-heading-title elementor-size-default\">C\u00e1c c\u00e2u h\u1ecfi th\u01b0\u1eddng g\u1eb7p<\/h2>\t\t\t\t<\/div>\n\t\t\t\t<\/div>\n\t\t\t\t\t<\/div>\n\t\t\t\t<\/div>\n\t\t<div class=\"elementor-element elementor-element-4e809d8 e-flex e-con-boxed e-con e-parent\" data-id=\"4e809d8\" data-element_type=\"container\" data-e-type=\"container\">\n\t\t\t\t\t<div class=\"e-con-inner\">\n\t\t\t\t<div class=\"elementor-element elementor-element-1cbed63 e-n-tabs-mobile elementor-widget elementor-widget-n-tabs\" data-id=\"1cbed63\" data-element_type=\"widget\" data-e-type=\"widget\" data-settings=\"{&quot;tabs_justify_horizontal_mobile&quot;:&quot;start&quot;,&quot;horizontal_scroll&quot;:&quot;disable&quot;}\" data-widget_type=\"nested-tabs.default\">\n\t\t\t\t<div class=\"elementor-widget-container\">\n\t\t\t\t\t\t\t<div class=\"e-n-tabs\" data-widget-number=\"30141795\" aria-label=\"Tabs. Open items with Enter or Space, close with Escape and navigate using the Arrow keys.\" data-no-translation-aria-label=\"\">\n\t\t\t<div class=\"e-n-tabs-heading\" role=\"tablist\">\n\t\t\t\t\t<button id=\"e-n-tab-title-301417951\" data-tab-title-id=\"e-n-tab-title-301417951\" class=\"e-n-tab-title\" aria-selected=\"true\" data-tab-index=\"1\" role=\"tab\" tabindex=\"0\" aria-controls=\"e-n-tab-content-301417951\" style=\"--n-tabs-title-order: 1;\">\n\t\t\t\t\t\t<span class=\"e-n-tab-title-text\">\n\t\t\t\tH\u00ecnh th\u1ee9c giao h\u00e0ng\t\t\t<\/span>\n\t\t<\/button>\n\t\t\t\t<button id=\"e-n-tab-title-301417952\" data-tab-title-id=\"e-n-tab-title-301417952\" class=\"e-n-tab-title\" aria-selected=\"false\" data-tab-index=\"2\" role=\"tab\" tabindex=\"-1\" aria-controls=\"e-n-tab-content-301417952\" style=\"--n-tabs-title-order: 2;\">\n\t\t\t\t\t\t<span class=\"e-n-tab-title-text\">\n\t\t\t\tT\u00edch \u0111i\u1ec3m\/Mua \u0111i\u1ec3m\t\t\t<\/span>\n\t\t<\/button>\n\t\t\t\t<button id=\"e-n-tab-title-301417953\" data-tab-title-id=\"e-n-tab-title-301417953\" class=\"e-n-tab-title\" aria-selected=\"false\" data-tab-index=\"3\" role=\"tab\" tabindex=\"-1\" aria-controls=\"e-n-tab-content-301417953\" style=\"--n-tabs-title-order: 3;\">\n\t\t\t\t\t\t<span class=\"e-n-tab-title-text\">\n\t\t\t\t\u0110\u1ed5i qu\u00e0\/khuy\u1ebfn m\u00e3i\t\t\t<\/span>\n\t\t<\/button>\n\t\t\t\t<button id=\"e-n-tab-title-301417954\" data-tab-title-id=\"e-n-tab-title-301417954\" class=\"e-n-tab-title\" aria-selected=\"false\" data-tab-index=\"4\" role=\"tab\" tabindex=\"-1\" aria-controls=\"e-n-tab-content-301417954\" style=\"--n-tabs-title-order: 4;\">\n\t\t\t\t\t\t<span class=\"e-n-tab-title-text\">\n\t\t\t\tCheckout\t\t\t<\/span>\n\t\t<\/button>\n\t\t\t\t\t<\/div>\n\t\t\t<div class=\"e-n-tabs-content\">\n\t\t\t\t<div id=\"e-n-tab-content-301417951\" role=\"tabpanel\" aria-labelledby=\"e-n-tab-title-301417951\" data-tab-index=\"1\" style=\"--n-tabs-title-order: 1;\" class=\"e-active elementor-element elementor-element-ec91677 e-con-full e-flex e-con e-child\" data-id=\"ec91677\" data-element_type=\"container\" data-e-type=\"container\">\n\t\t\t\t<div class=\"elementor-element elementor-element-64c1df1 elementor-widget elementor-widget-text-editor\" data-id=\"64c1df1\" data-element_type=\"widget\" data-e-type=\"widget\" data-widget_type=\"text-editor.default\">\n\t\t\t\t<div class=\"elementor-widget-container\">\n\t\t\t\t\t\t\t\t\t<p class=\"caption\" data-v-c4159c82=\"\"><strong>L\u00fd do \u0111\u01a1n h\u00e0ng c\u1ee7a t\u00f4i b\u1ecb giao ch\u1eadm?<\/strong><\/p><p data-v-c4159c82=\"\">M\u1ed9t s\u1ed1 nguy\u00ean nh\u00e2n kh\u00e1ch quan khi\u1ebfn \u0111\u01a1n h\u00e0ng c\u1ee7a Qu\u00fd kh\u00e1ch b\u1ecb giao ch\u1eadm so v\u1edbi th\u1eddi gian d\u1ef1 ki\u1ebfn:<\/p>\t\t\t\t\t\t\t\t<\/div>\n\t\t\t\t<\/div>\n\t\t\t\t<\/div>\n\t\t<div id=\"e-n-tab-content-301417952\" role=\"tabpanel\" aria-labelledby=\"e-n-tab-title-301417952\" data-tab-index=\"2\" style=\"--n-tabs-title-order: 2;\" class=\"elementor-element elementor-element-65776b2 e-con-full e-flex e-con e-child\" data-id=\"65776b2\" data-element_type=\"container\" data-e-type=\"container\">\n\t\t\t\t<div class=\"elementor-element elementor-element-7ccea4c elementor-widget elementor-widget-text-editor\" data-id=\"7ccea4c\" data-element_type=\"widget\" data-e-type=\"widget\" data-widget_type=\"text-editor.default\">\n\t\t\t\t<div class=\"elementor-widget-container\">\n\t\t\t\t\t\t\t\t\t<p class=\"caption\" data-v-c4159c82=\"\"><strong>Quy\u1ec1n l\u1ee3i khi tham gia ch\u01b0\u01a1ng tr\u00ecnh kh\u00e1ch h\u00e0ng th\u00e2n thi\u1ebft l\u00e0 g\u00ec?<\/strong><\/p><p data-v-c4159c82=\"\">Hi\u1ec7n nay tr\u00ean m\u1ed7i h\u1ed9p s\u1ea3n ph\u1ea9m \u0111\u1ec1u c\u00f3 &#8220;Tem ch\u1ed1ng gi\u1ea3 v\u00e0 t\u00edch \u0111i\u1ec3m th\u01b0\u1edfng&#8221;.<\/p>\t\t\t\t\t\t\t\t<\/div>\n\t\t\t\t<\/div>\n\t\t\t\t<\/div>\n\t\t<div id=\"e-n-tab-content-301417953\" role=\"tabpanel\" aria-labelledby=\"e-n-tab-title-301417953\" data-tab-index=\"3\" style=\"--n-tabs-title-order: 3;\" class=\"elementor-element elementor-element-1ee3ed2 e-con-full e-flex e-con e-child\" data-id=\"1ee3ed2\" data-element_type=\"container\" data-e-type=\"container\">\n\t\t\t\t<div class=\"elementor-element elementor-element-727fb34 elementor-widget elementor-widget-text-editor\" data-id=\"727fb34\" data-element_type=\"widget\" data-e-type=\"widget\" data-widget_type=\"text-editor.default\">\n\t\t\t\t<div class=\"elementor-widget-container\">\n\t\t\t\t\t\t\t\t\t<p><strong>T\u00f4i c\u00f3 th\u1ec3 \u0111\u1ed5i qu\u00e0 b\u1eb1ng c\u00e1ch n\u00e0o?<\/strong><\/p>\t\t\t\t\t\t\t\t<\/div>\n\t\t\t\t<\/div>\n\t\t\t\t<\/div>\n\t\t<div id=\"e-n-tab-content-301417954\" role=\"tabpanel\" aria-labelledby=\"e-n-tab-title-301417954\" data-tab-index=\"4\" style=\"--n-tabs-title-order: 4;\" class=\"elementor-element elementor-element-77d84fc e-flex e-con-boxed e-con e-child\" data-id=\"77d84fc\" data-element_type=\"container\" data-e-type=\"container\">\n\t\t\t\t\t<div class=\"e-con-inner\">\n\t\t\t\t<div class=\"elementor-element elementor-element-bce8394 elementor-widget elementor-widget-text-editor\" data-id=\"bce8394\" data-element_type=\"widget\" data-e-type=\"widget\" data-widget_type=\"text-editor.default\">\n\t\t\t\t<div class=\"elementor-widget-container\">\n\t\t\t\t\t\t\t\t\t<p class=\"caption\" data-v-c4159c82=\"\"><strong>L\u00e0m sao \u0111\u1ec3 bi\u1ebft giao d\u1ecbch thanh to\u00e1n c\u1ee7a t\u00f4i c\u00f3 th\u00e0nh c\u00f4ng hay kh\u00f4ng?<\/strong><\/p><p data-v-c4159c82=\"\">N\u1ebfu Qu\u00fd kh\u00e1ch thanh to\u00e1n b\u1eb1ng th\u1ebb ATM n\u1ed9i \u0111\u1ecba ho\u1eb7c th\u1ebb t\u00edn d\u1ee5ng qu\u1ed1c t\u1ebf, k\u1ebft qu\u1ea3 c\u1ee7a giao d\u1ecbch thanh to\u00e1n s\u1ebd \u0111\u01b0\u1ee3c th\u00f4ng b\u00e1o ngay sau khi ho\u00e0n t\u1ea5t thanh to\u00e1n tr\u1ef1c tuy\u1ebfn v\u00e0 qua email x\u00e1c nh\u1eadn g\u1eedi \u0111\u1ebfn h\u1ed9p th\u01b0 \u0111\u00e3 \u0111\u0103ng k\u00fd.<\/p>\t\t\t\t\t\t\t\t<\/div>\n\t\t\t\t<\/div>\n\t\t\t\t\t<\/div>\n\t\t\t\t<\/div>\n\t\t\t\t\t<\/div>\n\t\t<\/div>\n\t\t\t\t\t\t<\/div>\n\t\t\t\t<\/div>\n\t\t\t\t\t<\/div>\n\t\t\t\t<\/div>\n\t\t\t\t<\/div>","protected":false},"excerpt":{"rendered":"<p>H\u00ecnh th\u1ee9c giao h\u00e0ng T\u00edch \u0111i\u1ec3m\/Mua \u0111i\u1ec3m \u0110\u1ed5i qu\u00e0\/khuy\u1ebfn m\u00e3i Thanh to\u00e1n L\u00fd do \u0111\u01a1n h\u00e0ng c\u1ee7a t\u00f4i b\u1ecb giao ch\u1eadm? M\u1ed9t s\u1ed1 nguy\u00ean nh\u00e2n kh\u00e1ch quan khi\u1ebfn \u0111\u01a1n h\u00e0ng c\u1ee7a Qu\u00fd kh\u00e1ch b\u1ecb giao ch\u1eadm so v\u1edbi th\u1eddi gian d\u1ef1 ki\u1ebfn: Quy\u1ec1n l\u1ee3i khi tham gia ch\u01b0\u01a1ng tr\u00ecnh kh\u00e1ch h\u00e0ng th\u00e2n thi\u1ebft l\u00e0 g\u00ec? [&hellip;]<\/p>","protected":false},"author":1,"featured_media":0,"parent":0,"menu_order":0,"comment_status":"closed","ping_status":"closed","template":"elementor_header_footer","meta":{"_acf_changed":false,"footnotes":""},"class_list":["post-453","page","type-page","status-publish","hentry"],"acf":[],"yoast_head":"<!-- This site is optimized with the Yoast SEO plugin v26.4 - https:\/\/yoast.com\/wordpress\/plugins\/seo\/ -->\n<title>C\u00e1c c\u00e2u h\u1ecfi th\u01b0\u1eddng g\u1eb7p - Vie Healthcare<\/title>\n<meta name=\"robots\" content=\"index, follow, max-snippet:-1, max-image-preview:large, max-video-preview:-1\" \/>\n<link rel=\"canonical\" href=\"https:\/\/viehealthcare.com.vn\/en\/cac-cau-hoi-thuong-gap\/\" \/>\n<meta property=\"og:locale\" content=\"en_US\" \/>\n<meta property=\"og:type\" content=\"article\" \/>\n<meta property=\"og:title\" content=\"C\u00e1c c\u00e2u h\u1ecfi th\u01b0\u1eddng g\u1eb7p - Vie Healthcare\" \/>\n<meta property=\"og:description\" content=\"H\u00ecnh th\u1ee9c giao h\u00e0ng T\u00edch \u0111i\u1ec3m\/Mua \u0111i\u1ec3m \u0110\u1ed5i qu\u00e0\/khuy\u1ebfn m\u00e3i Thanh to\u00e1n L\u00fd do \u0111\u01a1n h\u00e0ng c\u1ee7a t\u00f4i b\u1ecb giao ch\u1eadm? M\u1ed9t s\u1ed1 nguy\u00ean nh\u00e2n kh\u00e1ch quan khi\u1ebfn \u0111\u01a1n h\u00e0ng c\u1ee7a Qu\u00fd kh\u00e1ch b\u1ecb giao ch\u1eadm so v\u1edbi th\u1eddi gian d\u1ef1 ki\u1ebfn: Quy\u1ec1n l\u1ee3i khi tham gia ch\u01b0\u01a1ng tr\u00ecnh kh\u00e1ch h\u00e0ng th\u00e2n thi\u1ebft l\u00e0 g\u00ec? [&hellip;]\" \/>\n<meta property=\"og:url\" content=\"https:\/\/viehealthcare.com.vn\/en\/cac-cau-hoi-thuong-gap\/\" \/>\n<meta property=\"og:site_name\" content=\"Vie Healthcare\" \/>\n<meta property=\"article:publisher\" content=\"https:\/\/www.facebook.com\/viehealthcarevn\" \/>\n<meta property=\"article:modified_time\" content=\"2024-07-26T15:14:26+00:00\" \/>\n<meta name=\"twitter:card\" content=\"summary_large_image\" \/>\n<meta name=\"twitter:label1\" content=\"Est. reading time\" \/>\n\t<meta name=\"twitter:data1\" content=\"2 minutes\" \/>\n<script type=\"application\/ld+json\" class=\"yoast-schema-graph\">{\"@context\":\"https:\/\/schema.org\",\"@graph\":[{\"@type\":\"WebPage\",\"@id\":\"https:\/\/viehealthcare.com.vn\/en\/cac-cau-hoi-thuong-gap\/\",\"url\":\"https:\/\/viehealthcare.com.vn\/en\/cac-cau-hoi-thuong-gap\/\",\"name\":\"C\u00e1c c\u00e2u h\u1ecfi th\u01b0\u1eddng g\u1eb7p - Vie Healthcare\",\"isPartOf\":{\"@id\":\"https:\/\/viehealthcare.com.vn\/#website\"},\"datePublished\":\"2024-07-26T14:52:22+00:00\",\"dateModified\":\"2024-07-26T15:14:26+00:00\",\"breadcrumb\":{\"@id\":\"https:\/\/viehealthcare.com.vn\/en\/cac-cau-hoi-thuong-gap\/#breadcrumb\"},\"inLanguage\":\"en-US\",\"potentialAction\":[{\"@type\":\"ReadAction\",\"target\":[\"https:\/\/viehealthcare.com.vn\/en\/cac-cau-hoi-thuong-gap\/\"]}]},{\"@type\":\"BreadcrumbList\",\"@id\":\"https:\/\/viehealthcare.com.vn\/en\/cac-cau-hoi-thuong-gap\/#breadcrumb\",\"itemListElement\":[{\"@type\":\"ListItem\",\"position\":1,\"name\":\"Trang ch\u1ee7\",\"item\":\"https:\/\/viehealthcare.com.vn\/\"},{\"@type\":\"ListItem\",\"position\":2,\"name\":\"C\u00e1c c\u00e2u h\u1ecfi th\u01b0\u1eddng g\u1eb7p\"}]},{\"@type\":\"WebSite\",\"@id\":\"https:\/\/viehealthcare.com.vn\/#website\",\"url\":\"https:\/\/viehealthcare.com.vn\/\",\"name\":\"Vie Healthcare\",\"description\":\"\",\"publisher\":{\"@id\":\"https:\/\/viehealthcare.com.vn\/#organization\"},\"potentialAction\":[{\"@type\":\"SearchAction\",\"target\":{\"@type\":\"EntryPoint\",\"urlTemplate\":\"https:\/\/viehealthcare.com.vn\/?s={search_term_string}\"},\"query-input\":{\"@type\":\"PropertyValueSpecification\",\"valueRequired\":true,\"valueName\":\"search_term_string\"}}],\"inLanguage\":\"en-US\"},{\"@type\":\"Organization\",\"@id\":\"https:\/\/viehealthcare.com.vn\/#organization\",\"name\":\"Vie Healthcare\",\"url\":\"https:\/\/viehealthcare.com.vn\/\",\"logo\":{\"@type\":\"ImageObject\",\"inLanguage\":\"en-US\",\"@id\":\"https:\/\/viehealthcare.com.vn\/#\/schema\/logo\/image\/\",\"url\":\"https:\/\/www.viehealthcare.com.vn\/wp-content\/uploads\/2025\/11\/logo-viehealth.webp\",\"contentUrl\":\"https:\/\/www.viehealthcare.com.vn\/wp-content\/uploads\/2025\/11\/logo-viehealth.webp\",\"width\":500,\"height\":204,\"caption\":\"Vie Healthcare\"},\"image\":{\"@id\":\"https:\/\/viehealthcare.com.vn\/#\/schema\/logo\/image\/\"},\"sameAs\":[\"https:\/\/www.facebook.com\/viehealthcarevn\"]}]}<\/script>\n<!-- \/ Yoast SEO plugin. -->","yoast_head_json":{"title":"C\u00e1c c\u00e2u h\u1ecfi th\u01b0\u1eddng g\u1eb7p - Vie Healthcare","robots":{"index":"index","follow":"follow","max-snippet":"max-snippet:-1","max-image-preview":"max-image-preview:large","max-video-preview":"max-video-preview:-1"},"canonical":"https:\/\/viehealthcare.com.vn\/en\/cac-cau-hoi-thuong-gap\/","og_locale":"en_US","og_type":"article","og_title":"C\u00e1c c\u00e2u h\u1ecfi th\u01b0\u1eddng g\u1eb7p - Vie Healthcare","og_description":"H\u00ecnh th\u1ee9c giao h\u00e0ng T\u00edch \u0111i\u1ec3m\/Mua \u0111i\u1ec3m \u0110\u1ed5i qu\u00e0\/khuy\u1ebfn m\u00e3i Thanh to\u00e1n L\u00fd do \u0111\u01a1n h\u00e0ng c\u1ee7a t\u00f4i b\u1ecb giao ch\u1eadm? M\u1ed9t s\u1ed1 nguy\u00ean nh\u00e2n kh\u00e1ch quan khi\u1ebfn \u0111\u01a1n h\u00e0ng c\u1ee7a Qu\u00fd kh\u00e1ch b\u1ecb giao ch\u1eadm so v\u1edbi th\u1eddi gian d\u1ef1 ki\u1ebfn: Quy\u1ec1n l\u1ee3i khi tham gia ch\u01b0\u01a1ng tr\u00ecnh kh\u00e1ch h\u00e0ng th\u00e2n thi\u1ebft l\u00e0 g\u00ec? [&hellip;]","og_url":"https:\/\/viehealthcare.com.vn\/en\/cac-cau-hoi-thuong-gap\/","og_site_name":"Vie Healthcare","article_publisher":"https:\/\/www.facebook.com\/viehealthcarevn","article_modified_time":"2024-07-26T15:14:26+00:00","twitter_card":"summary_large_image","twitter_misc":{"Est. reading time":"2 minutes"},"schema":{"@context":"https:\/\/schema.org","@graph":[{"@type":"WebPage","@id":"https:\/\/viehealthcare.com.vn\/en\/cac-cau-hoi-thuong-gap\/","url":"https:\/\/viehealthcare.com.vn\/en\/cac-cau-hoi-thuong-gap\/","name":"C\u00e1c c\u00e2u h\u1ecfi th\u01b0\u1eddng g\u1eb7p - Vie Healthcare","isPartOf":{"@id":"https:\/\/viehealthcare.com.vn\/#website"},"datePublished":"2024-07-26T14:52:22+00:00","dateModified":"2024-07-26T15:14:26+00:00","breadcrumb":{"@id":"https:\/\/viehealthcare.com.vn\/en\/cac-cau-hoi-thuong-gap\/#breadcrumb"},"inLanguage":"en-US","potentialAction":[{"@type":"ReadAction","target":["https:\/\/viehealthcare.com.vn\/en\/cac-cau-hoi-thuong-gap\/"]}]},{"@type":"BreadcrumbList","@id":"https:\/\/viehealthcare.com.vn\/en\/cac-cau-hoi-thuong-gap\/#breadcrumb","itemListElement":[{"@type":"ListItem","position":1,"name":"Trang ch\u1ee7","item":"https:\/\/viehealthcare.com.vn\/"},{"@type":"ListItem","position":2,"name":"C\u00e1c c\u00e2u h\u1ecfi th\u01b0\u1eddng g\u1eb7p"}]},{"@type":"WebSite","@id":"https:\/\/viehealthcare.com.vn\/#website","url":"https:\/\/viehealthcare.com.vn\/","name":"Vie Healthcare","description":"","publisher":{"@id":"https:\/\/viehealthcare.com.vn\/#organization"},"potentialAction":[{"@type":"SearchAction","target":{"@type":"EntryPoint","urlTemplate":"https:\/\/viehealthcare.com.vn\/?s={search_term_string}"},"query-input":{"@type":"PropertyValueSpecification","valueRequired":true,"valueName":"search_term_string"}}],"inLanguage":"en-US"},{"@type":"Organization","@id":"https:\/\/viehealthcare.com.vn\/#organization","name":"Vie Healthcare","url":"https:\/\/viehealthcare.com.vn\/","logo":{"@type":"ImageObject","inLanguage":"en-US","@id":"https:\/\/viehealthcare.com.vn\/#\/schema\/logo\/image\/","url":"https:\/\/www.viehealthcare.com.vn\/wp-content\/uploads\/2025\/11\/logo-viehealth.webp","contentUrl":"https:\/\/www.viehealthcare.com.vn\/wp-content\/uploads\/2025\/11\/logo-viehealth.webp","width":500,"height":204,"caption":"Vie Healthcare"},"image":{"@id":"https:\/\/viehealthcare.com.vn\/#\/schema\/logo\/image\/"},"sameAs":["https:\/\/www.facebook.com\/viehealthcarevn"]}]}},"_links":{"self":[{"href":"https:\/\/viehealthcare.com.vn\/en\/wp-json\/wp\/v2\/pages\/453","targetHints":{"allow":["GET"]}}],"collection":[{"href":"https:\/\/viehealthcare.com.vn\/en\/wp-json\/wp\/v2\/pages"}],"about":[{"href":"https:\/\/viehealthcare.com.vn\/en\/wp-json\/wp\/v2\/types\/page"}],"author":[{"embeddable":true,"href":"https:\/\/viehealthcare.com.vn\/en\/wp-json\/wp\/v2\/users\/1"}],"replies":[{"embeddable":true,"href":"https:\/\/viehealthcare.com.vn\/en\/wp-json\/wp\/v2\/comments?post=453"}],"version-history":[{"count":13,"href":"https:\/\/viehealthcare.com.vn\/en\/wp-json\/wp\/v2\/pages\/453\/revisions"}],"predecessor-version":[{"id":475,"href":"https:\/\/viehealthcare.com.vn\/en\/wp-json\/wp\/v2\/pages\/453\/revisions\/475"}],"wp:attachment":[{"href":"https:\/\/viehealthcare.com.vn\/en\/wp-json\/wp\/v2\/media?parent=453"}],"curies":[{"name":"wp","href":"https:\/\/api.w.org\/{rel}","templated":true}]}}